{"id":3840,"date":"2020-11-14T17:47:10","date_gmt":"2020-11-14T17:47:10","guid":{"rendered":"https:\/\/sites.generatepress.com\/portfolio\/?page_id=3840"},"modified":"2025-09-16T12:03:22","modified_gmt":"2025-09-16T12:03:22","slug":"about","status":"publish","type":"page","link":"https:\/\/mariopinel2025.mariopinel.es\/index.php\/about\/","title":{"rendered":"About"},"content":{"rendered":"\n<section class=\"gb-element-bdf60b18\">\n<span class=\"gb-shape gb-shape-182f0480 gb-shape--divider\"><svg preserveAspectRatio=\"none\" viewBox=\"0 0 1200 100\" xmlns=\"http:\/\/www.w3.org\/2000\/svg\"><path d=\"M1200 77.2L400 0 0 77.2V100h1200z\"><\/path><\/svg><\/span>\n\n\n\n<span class=\"gb-shape gb-shape-05f88c03 gb-shape--divider\"><svg preserveAspectRatio=\"none\" viewBox=\"0 0 1200 100\" xmlns=\"http:\/\/www.w3.org\/2000\/svg\"><path d=\"M1200 100H0V0l400 77.2L1200 0z\"><\/path><\/svg><\/span>\n\n\n\n<div class=\"gb-element-f21aa1bd\">\n<div class=\"gb-element-20626e49\">\n<figure class=\"wp-block-image size-large\"><img loading=\"lazy\" decoding=\"async\" width=\"684\" height=\"1024\" src=\"https:\/\/mariopinel2025.mariopinel.es\/wp-content\/uploads\/2025\/09\/EM0028-684x1024.jpg\" alt=\"\" class=\"wp-image-4460\" srcset=\"https:\/\/mariopinel2025.mariopinel.es\/wp-content\/uploads\/2025\/09\/EM0028-684x1024.jpg 684w, https:\/\/mariopinel2025.mariopinel.es\/wp-content\/uploads\/2025\/09\/EM0028-200x300.jpg 200w, https:\/\/mariopinel2025.mariopinel.es\/wp-content\/uploads\/2025\/09\/EM0028-768x1151.jpg 768w, https:\/\/mariopinel2025.mariopinel.es\/wp-content\/uploads\/2025\/09\/EM0028-1025x1536.jpg 1025w, https:\/\/mariopinel2025.mariopinel.es\/wp-content\/uploads\/2025\/09\/EM0028-1367x2048.jpg 1367w, https:\/\/mariopinel2025.mariopinel.es\/wp-content\/uploads\/2025\/09\/EM0028-scaled.jpg 1709w\" sizes=\"auto, (max-width: 684px) 100vw, 684px\" \/><\/figure>\n<\/div>\n\n\n\n<div class=\"gb-element-94adffc2\">\n<p class=\"gb-text-c0b4319d\"><span class=\"gb-shape\"><svg xmlns=\"http:\/\/www.w3.org\/2000\/svg\" viewBox=\"0 0 36.7 3\"><path d=\"M0 0h36.7v3H0z\"><\/path><\/svg><\/span><span class=\"gb-text\">Who am I?<\/span><\/p>\n\n\n\n<h2 class=\"gb-text gb-text-7d55892b\">A designer &amp; developer living in Phoenix, AZ with over 10 years experience working with companies you know &amp; love.<\/h2>\n\n\n\n<p>Suscipit taciti primis tempor sagittis euismod libero facilisi aptent elementum felis blandit cursus gravida sociis eleifend lectus nullam dapibus netus feugiat curae curabitur. Curae fringilla porttitor quam sollicitudin iaculis aptent leo ligula euismod dictumst penatibus mauris eros etiam mattis magnis senectus praesent volutpat posuere. <\/p>\n\n\n\n<p>Pretium lorem primis senectus habitasse lectus scelerisque donec ultricies tortor suspendisse adipiscing fusce morbi volutpat risus molestie curae malesuada lacus convallis massa mauris enim mattis magnis senectus montes mollis taciti phasellus accumsan bibendum semper blandit suspendisse faucibus nibh metus lobortis morbi cras magna vivamus per risus fermentum. Dapibus imperdiet praesent magnis ridiculus congue gravida curabitur sagittis enim magna.<\/p>\n<\/div>\n<\/div>\n<\/section>\n\n\n\n<section class=\"gb-element-6502b723\">\n<p class=\"gb-text-5be2ee7d\"><span class=\"gb-shape\"><svg xmlns=\"http:\/\/www.w3.org\/2000\/svg\" viewBox=\"0 0 36.7 3\"><path d=\"M0 0h36.7v3H0z\"><\/path><\/svg><\/span><span class=\"gb-text\">Estrategia de Trabajo<\/span><\/p>\n\n\n\n<p>La&nbsp;<strong>Metodolog\u00eda MyCAR<\/strong>&nbsp;consta de cuatro fases en las que primero te llenar\u00e1s de motivaci\u00f3n. Esa motivaci\u00f3n hace que te comprometas contigo para que pases a la acci\u00f3n a conseguir los resultados que t\u00fa creas porque crees en ti.<\/p>\n\n\n\n<div class=\"wp-block-group\"><div class=\"wp-block-group__inner-container is-layout-constrained wp-block-group-is-layout-constrained\">\n<div class=\"gb-element-f55fa1bc\">\n<div class=\"gb-element-5cc9719b\">\n<h3 class=\"gb-text-be9e91b8\"><span class=\"gb-shape\"><svg aria-hidden=\"true\" role=\"img\" height=\"1em\" width=\"1em\" viewBox=\"0 0 496 512\" xmlns=\"http:\/\/www.w3.org\/2000\/svg\"><path fill=\"currentColor\" d=\"M248 8C111.03 8 0 119.03 0 256s111.03 248 248 248 248-111.03 248-248S384.97 8 248 8zm0 432c-101.69 0-184-82.29-184-184 0-101.69 82.29-184 184-184 101.69 0 184 82.29 184 184 0 101.69-82.29 184-184 184zm0-312c-70.69 0-128 57.31-128 128s57.31 128 128 128 128-57.31 128-128-57.31-128-128-128zm0 192c-35.29 0-64-28.71-64-64s28.71-64 64-64 64 28.71 64 64-28.71 64-64 64z\"><\/path><\/svg><\/span><span class=\"gb-text\">Dise\u00f1a qui\u00e9n y c\u00f3mo quieres ser<\/span><\/h3>\n\n\n\n<p style=\"font-size:16px\">Te gu\u00edo para entrar en <strong>cetosis<\/strong> <strong>de forma saludable,<\/strong> sin riesgos ni carencias.<br>Aprende qu\u00e9 comer, c\u00f3mo <strong>organizar tus men\u00fas, recetas adaptadas<\/strong> para que tu cuerpo utilice la grasa como fuente de energ\u00eda real.<\/p>\n<\/div>\n\n\n\n<div class=\"gb-element-46106d16\">\n<h3 class=\"gb-text-9c33ec6b\"><span class=\"gb-shape\"><svg aria-hidden=\"true\" role=\"img\" height=\"1em\" width=\"1em\" viewBox=\"0 0 448 512\" xmlns=\"http:\/\/www.w3.org\/2000\/svg\"><path fill=\"currentColor\" d=\"M148 288h-40c-6.6 0-12-5.4-12-12v-40c0-6.6 5.4-12 12-12h40c6.6 0 12 5.4 12 12v40c0 6.6-5.4 12-12 12zm108-12v-40c0-6.6-5.4-12-12-12h-40c-6.6 0-12 5.4-12 12v40c0 6.6 5.4 12 12 12h40c6.6 0 12-5.4 12-12zm96 0v-40c0-6.6-5.4-12-12-12h-40c-6.6 0-12 5.4-12 12v40c0 6.6 5.4 12 12 12h40c6.6 0 12-5.4 12-12zm-96 96v-40c0-6.6-5.4-12-12-12h-40c-6.6 0-12 5.4-12 12v40c0 6.6 5.4 12 12 12h40c6.6 0 12-5.4 12-12zm-96 0v-40c0-6.6-5.4-12-12-12h-40c-6.6 0-12 5.4-12 12v40c0 6.6 5.4 12 12 12h40c6.6 0 12-5.4 12-12zm192 0v-40c0-6.6-5.4-12-12-12h-40c-6.6 0-12 5.4-12 12v40c0 6.6 5.4 12 12 12h40c6.6 0 12-5.4 12-12zm96-260v352c0 26.5-21.5 48-48 48H48c-26.5 0-48-21.5-48-48V112c0-26.5 21.5-48 48-48h48V12c0-6.6 5.4-12 12-12h40c6.6 0 12 5.4 12 12v52h128V12c0-6.6 5.4-12 12-12h40c6.6 0 12 5.4 12 12v52h48c26.5 0 48 21.5 48 48zm-48 346V160H48v298c0 3.3 2.7 6 6 6h340c3.3 0 6-2.7 6-6z\"><\/path><\/svg><\/span><span class=\"gb-text\">Construye el mapa del tesoro<\/span><\/h3>\n\n\n\n<p style=\"font-size:16px\">\u00bfSientes <strong>hinchaz\u00f3n, fatiga, digesti\u00f3n lenta o niebla mental<\/strong>? <strong>Reducimos la inflamaci\u00f3n cr\u00f3nica<\/strong> de bajo grado para prevenir patolog\u00edas como la diabetes tipo 2, obesidad, enfermedades cardiovasculares o autoinmunes.<\/p>\n<\/div>\n\n\n\n<div class=\"gb-element-c9a493e3\">\n<h3 class=\"gb-text-164bcae5\"><span class=\"gb-shape\"><svg aria-hidden=\"true\" role=\"img\" height=\"1em\" width=\"1em\" viewBox=\"0 0 512 512\" xmlns=\"http:\/\/www.w3.org\/2000\/svg\"><path fill=\"currentColor\" d=\"M440 6.5L24 246.4c-34.4 19.9-31.1 70.8 5.7 85.9L144 379.6V464c0 46.4 59.2 65.5 86.6 28.6l43.8-59.1 111.9 46.2c5.9 2.4 12.1 3.6 18.3 3.6 8.2 0 16.3-2.1 23.6-6.2 12.8-7.2 21.6-20 23.9-34.5l59.4-387.2c6.1-40.1-36.9-68.8-71.5-48.9zM192 464v-64.6l36.6 15.1L192 464zm212.6-28.7l-153.8-63.5L391 169.5c10.7-15.5-9.5-33.5-23.7-21.2L155.8 332.6 48 288 464 48l-59.4 387.3z\"><\/path><\/svg><\/span><span class=\"gb-text\"><strong>Pasa a la acci\u00f3n y sigue tu mapa<\/strong><\/span><\/h3>\n\n\n\n<p style=\"font-size:16px\">Tu <strong><a href=\"https:\/\/nutricionistadietista.madrid\/dieta\/4p-intestino-salud-energia\/\">salud empieza en tu intestino<\/a><\/strong>, tu segundo cerebro. Te ense\u00f1o a <strong>fortalece<\/strong>r tu <strong>flora intestinal<\/strong> para <strong>mejorar<\/strong> <strong>digesti\u00f3n<\/strong>, <strong>inmunidad<\/strong> y <strong>salud metab\u00f3lica<\/strong>, y prevenir desequilibrios como <strong>candidiasis<\/strong>, <strong>alergias<\/strong>, <strong>asma<\/strong> u <strong>obesidad<\/strong>.<\/p>\n<\/div>\n\n\n\n<div class=\"gb-element-9887397f\">\n<h3 class=\"gb-text-5090eaab\"><span class=\"gb-shape\"><svg aria-hidden=\"true\" role=\"img\" height=\"1em\" width=\"1em\" viewBox=\"0 0 384 512\" xmlns=\"http:\/\/www.w3.org\/2000\/svg\"><path fill=\"currentColor\" d=\"M97.12 362.63c-8.69-8.69-4.16-6.24-25.12-11.85-9.51-2.55-17.87-7.45-25.43-13.32L1.2 448.7c-4.39 10.77 3.81 22.47 15.43 22.03l52.69-2.01L105.56 507c8 8.44 22.04 5.81 26.43-4.96l52.05-127.62c-10.84 6.04-22.87 9.58-35.31 9.58-19.5 0-37.82-7.59-51.61-21.37zM382.8 448.7l-45.37-111.24c-7.56 5.88-15.92 10.77-25.43 13.32-21.07 5.64-16.45 3.18-25.12 11.85-13.79 13.78-32.12 21.37-51.62 21.37-12.44 0-24.47-3.55-35.31-9.58L252 502.04c4.39 10.77 18.44 13.4 26.43 4.96l36.25-38.28 52.69 2.01c11.62.44 19.82-11.27 15.43-22.03zM263 340c15.28-15.55 17.03-14.21 38.79-20.14 13.89-3.79 24.75-14.84 28.47-28.98 7.48-28.4 5.54-24.97 25.95-45.75 10.17-10.35 14.14-25.44 10.42-39.58-7.47-28.38-7.48-24.42 0-52.83 3.72-14.14-.25-29.23-10.42-39.58-20.41-20.78-18.47-17.36-25.95-45.75-3.72-14.14-14.58-25.19-28.47-28.98-27.88-7.61-24.52-5.62-44.95-26.41-10.17-10.35-25-14.4-38.89-10.61-27.87 7.6-23.98 7.61-51.9 0-13.89-3.79-28.72.25-38.89 10.61-20.41 20.78-17.05 18.8-44.94 26.41-13.89 3.79-24.75 14.84-28.47 28.98-7.47 28.39-5.54 24.97-25.95 45.75-10.17 10.35-14.15 25.44-10.42 39.58 7.47 28.36 7.48 24.4 0 52.82-3.72 14.14.25 29.23 10.42 39.59 20.41 20.78 18.47 17.35 25.95 45.75 3.72 14.14 14.58 25.19 28.47 28.98C104.6 325.96 106.27 325 121 340c13.23 13.47 33.84 15.88 49.74 5.82a39.676 39.676 0 0 1 42.53 0c15.89 10.06 36.5 7.65 49.73-5.82zM97.66 175.96c0-53.03 42.24-96.02 94.34-96.02s94.34 42.99 94.34 96.02-42.24 96.02-94.34 96.02-94.34-42.99-94.34-96.02z\"><\/path><\/svg><\/span><span class=\"gb-text\"><strong><strong>Aprende de tus aciertos\/errores<\/strong><\/strong><\/span><\/h3>\n\n\n\n<p style=\"font-size:15px\">Tu h\u00edgado filtra 1 litro de sangre por minuto. Si funciona bien elimina el 99% de las toxinas de tu sangre. Te ayudo a mejorar la funci\u00f3n del h\u00edgado con alimentos reales y sin toxinas que saturan tu organismo. Activa los <strong>procesos depurativos naturales<\/strong> para que tu cuerpo funcione bien.<\/p>\n<\/div>\n<\/div>\n<\/div><\/div>\n\n\n\n<div class=\"gb-element-45a44650\">\n<div class=\"gb-element-599dcf43\">\n<img decoding=\"async\" class=\"gb-media-798ffcd9\" src=\"https:\/\/mariopinel2025.mariopinel.es\/wp-content\/uploads\/2020\/11\/samplelogo.svg\"\/>\n<\/div>\n\n\n\n<div class=\"gb-element-d5f86690\">\n<img decoding=\"async\" class=\"gb-media-e13e925f\" src=\"https:\/\/mariopinel2025.mariopinel.es\/wp-content\/uploads\/2020\/11\/samplelogo.svg\"\/>\n<\/div>\n\n\n\n<div class=\"gb-element-d2581b77\">\n<img decoding=\"async\" class=\"gb-media-e93437e0\" src=\"https:\/\/mariopinel2025.mariopinel.es\/wp-content\/uploads\/2020\/11\/samplelogo.svg\"\/>\n<\/div>\n\n\n\n<div class=\"gb-element-f41d4120\">\n<img decoding=\"async\" class=\"gb-media-ad3e7751\" src=\"https:\/\/mariopinel2025.mariopinel.es\/wp-content\/uploads\/2020\/11\/samplelogo.svg\"\/>\n<\/div>\n<\/div>\n<\/section>\n\n\n\n<div class=\"gb-element-1486bfc6\">\n<div class=\"gb-element-08fe73dc\">\n<div class=\"gb-element-21657924\">\n<p class=\"gb-text-b418c700\"><span class=\"gb-shape\"><svg xmlns=\"http:\/\/www.w3.org\/2000\/svg\" viewBox=\"0 0 36.7 3\"><path d=\"M0 0h36.7v3H0z\"><\/path><\/svg><\/span><span class=\"gb-text\">Availability<\/span><\/p>\n\n\n\n<h2 class=\"gb-text gb-text-80c55c8c\">I&#8217;m currently available for project based and long-term consulting work. <\/h2>\n\n\n\n<p>Suscipit taciti primis tempor sagittis euismod libero facilisi aptent elementum felis blandit cursus gravida sociis eleifend lectus nullam dapibus netus feugiat curae curabitur. Curae fringilla porttitor quam sollicitudin iaculis aptent leo ligula euismod dictumst penatibus mauris eros etiam mattis magnis senectus praesent volutpat posuere. <\/p>\n<\/div>\n\n\n\n<div class=\"gb-element-6460ef29\">\n<img loading=\"lazy\" decoding=\"async\" width=\"1000\" height=\"667\" class=\"gb-media-934cd9f8\" src=\"https:\/\/mariopinel2025.mariopinel.es\/wp-content\/uploads\/2020\/11\/lh448yp0t2qQ-unsplash.jpg\" srcset=\"https:\/\/mariopinel2025.mariopinel.es\/wp-content\/uploads\/2020\/11\/lh448yp0t2qQ-unsplash.jpg 1000w, https:\/\/mariopinel2025.mariopinel.es\/wp-content\/uploads\/2020\/11\/lh448yp0t2qQ-unsplash-300x200.jpg 300w, https:\/\/mariopinel2025.mariopinel.es\/wp-content\/uploads\/2020\/11\/lh448yp0t2qQ-unsplash-768x512.jpg 768w\" sizes=\"auto, (max-width: 1000px) 100vw, 1000px\" \/>\n<\/div>\n<\/div>\n<\/div>\n","protected":false},"excerpt":{"rendered":"<p>Who am I? A designer &amp; developer living in Phoenix, AZ with over 10 years experience working with companies you know &amp; love. Suscipit taciti primis tempor sagittis euismod libero facilisi aptent elementum felis blandit cursus gravida sociis eleifend lectus nullam dapibus netus feugiat curae curabitur. Curae fringilla porttitor quam sollicitudin iaculis aptent leo ligula &#8230; <a title=\"About\" class=\"read-more\" href=\"https:\/\/mariopinel2025.mariopinel.es\/index.php\/about\/\" aria-label=\"Leer m\u00e1s sobre About\">Leer m\u00e1s<\/a><\/p>\n","protected":false},"author":1,"featured_media":0,"parent":0,"menu_order":0,"comment_status":"closed","ping_status":"closed","template":"","meta":{"advgb_blocks_editor_width":"","advgb_blocks_columns_visual_guide":"","footnotes":""},"class_list":["post-3840","page","type-page","status-publish"],"coauthors":[],"author_meta":{"author_link":"https:\/\/mariopinel2025.mariopinel.es\/index.php\/author\/admin\/","display_name":"admin"},"relative_dates":{"created":"Publicado 5 a\u00f1os hace","modified":"Actualizado 8 meses hace"},"absolute_dates":{"created":"Publicado el noviembre 14, 2020","modified":"Actualizado el septiembre 16, 2025"},"absolute_dates_time":{"created":"Publicado el noviembre 14, 2020 5:47 pm","modified":"Actualizado el septiembre 16, 2025 12:03 pm"},"featured_img_caption":"","featured_img":false,"series_order":"","_links":{"self":[{"href":"https:\/\/mariopinel2025.mariopinel.es\/index.php\/wp-json\/wp\/v2\/pages\/3840","targetHints":{"allow":["GET"]}}],"collection":[{"href":"https:\/\/mariopinel2025.mariopinel.es\/index.php\/wp-json\/wp\/v2\/pages"}],"about":[{"href":"https:\/\/mariopinel2025.mariopinel.es\/index.php\/wp-json\/wp\/v2\/types\/page"}],"author":[{"embeddable":true,"href":"https:\/\/mariopinel2025.mariopinel.es\/index.php\/wp-json\/wp\/v2\/users\/1"}],"replies":[{"embeddable":true,"href":"https:\/\/mariopinel2025.mariopinel.es\/index.php\/wp-json\/wp\/v2\/comments?post=3840"}],"version-history":[{"count":3,"href":"https:\/\/mariopinel2025.mariopinel.es\/index.php\/wp-json\/wp\/v2\/pages\/3840\/revisions"}],"predecessor-version":[{"id":4462,"href":"https:\/\/mariopinel2025.mariopinel.es\/index.php\/wp-json\/wp\/v2\/pages\/3840\/revisions\/4462"}],"wp:attachment":[{"href":"https:\/\/mariopinel2025.mariopinel.es\/index.php\/wp-json\/wp\/v2\/media?parent=3840"}],"curies":[{"name":"wp","href":"https:\/\/api.w.org\/{rel}","templated":true}]}}