{"id":3576,"date":"2020-10-13T16:22:14","date_gmt":"2020-10-13T16:22:14","guid":{"rendered":"https:\/\/sites.generatepress.com\/portfolio\/?page_id=3576"},"modified":"2025-12-03T10:26:05","modified_gmt":"2025-12-03T10:26:05","slug":"mario-pinel-coach-nutricional","status":"publish","type":"page","link":"https:\/\/mariopinel2025.mariopinel.es\/","title":{"rendered":"Mario Pinel Coach Nutricional"},"content":{"rendered":"\n<section class=\"gb-element-8349a671\">\n<span class=\"gb-shape gb-shape-18d9d7ca gb-shape--divider\"><svg xmlns=\"http:\/\/www.w3.org\/2000\/svg\" viewBox=\"0 0 1200 360\" preserveAspectRatio=\"none\"><path d=\"M1200 360H0V0l1200 348z\"><\/path><\/svg><\/span>\n\n\n\n<div class=\"gb-element-ed1d181d\">\n<div class=\"gb-element-38bc8cc3\">\n<p class=\"gb-text gb-text-627147b1\">Mario Pinel<\/p>\n\n\n\n<h1 class=\"gb-text gb-text-768d9e06\">Health Coach Nutricional &#8211; Dietista Integrativo &#8211; Formaci\u00f3n y Consultor\u00eda <\/h1>\n<\/div>\n<\/div>\n<\/section>\n\n\n\n<section class=\"gb-element-7f91abb7\">\n<div class=\"gb-element-a8319d79\">\n<div class=\"gb-element-54585248\">\n<p class=\"gb-text-89cdd1e7\"><span class=\"gb-shape\"><svg xmlns=\"http:\/\/www.w3.org\/2000\/svg\" viewBox=\"0 0 36.7 3\"><path d=\"M0 0h36.7v3H0z\"><\/path><\/svg><\/span><span class=\"gb-text\">\u00bfHablamos?<\/span><\/p>\n<\/div>\n\n\n\n<div class=\"gb-element-e50b3fdb\">\n<p class=\"has-medium-font-size\">Soy Mario, <strong>Health Coach<\/strong> y <strong>Pedagogo<\/strong> experto en reversi\u00f3n de <strong>S\u00edndrome Metab\u00f3lico<\/strong>. Me especialic\u00e9 en <strong>alimentaci\u00f3n integrativa<\/strong> en donde<em> aplico los principios de la\u00a0<strong>Psiconeuroinmunoendocrinolog\u00eda (PNIE)<\/strong>\u00a0en el marco educativo y de h\u00e1bitos de vida<\/em> <em>para que vivas con <strong>salud integral.<\/strong><\/em> Te ayudo a recuperar equilibrio, energ\u00eda y bienestar a trav\u00e9s de h\u00e1bitos de vida saludables, sostenibles y libres de t\u00f3xicos.<\/p>\n\n\n\n<p class=\"has-medium-font-size\">Mi recorrido integra ciencia, educaci\u00f3n y salud. Desde la pedagog\u00eda aprend\u00ed que el cambio real nace del conocimiento unido a la experiencia emocional; desde la alimentaci\u00f3n aplico los principios de la PNIE, porque el cuerpo, la mente y las emociones est\u00e1n profundamente conectados. Mi enfoque integra <strong>alimentaci\u00f3n antiinflamatoria, cronobiolog\u00eda, detoxificaci\u00f3n natural, hidrataci\u00f3n consciente y gesti\u00f3n emocional<\/strong> como pilares la salud humana y <strong>prevenci\u00f3n de la enfermedad.<\/strong><\/p>\n\n\n\n<p class=\"has-medium-font-size\">He creado programas educativos de salud f\u00e1ciles de aplicar para acompa\u00f1arte de manera personalizada y que recuperes una vida m\u00e1s consciente, saludable y sostenible.<\/p>\n\n\n\n<p class=\"has-medium-font-size\">Conecto ciencia, educaci\u00f3n y salud para inspirar un <strong>cambio consciente<\/strong>.<\/p>\n\n\n\n<span class=\"gb-text-857c5d18\"><span class=\"gb-shape\"><svg height=\"30\" width=\"30\" xmlns=\"http:\/\/www.w3.org\/2000\/svg\" viewBox=\"0 0 15 15\"><path fill=\"currentColor\" d=\"M15 0H0v15h15V0zM8 8a2 2 0 012-2h1.167C12.179 6 13 6.82 13 7.833V8h-1v-.167A.833.833 0 0011.167 7H10a1 1 0 000 2h1a2 2 0 110 4h-1a2 2 0 01-2-2h1a1 1 0 001 1h1a1 1 0 100-2h-1a2 2 0 01-2-2zM6 6v5a1 1 0 11-2 0H3a2 2 0 104 0V6H6z\"><\/path><\/svg><\/span><\/span>\n\n\n\n<span class=\"gb-text-c6c55db8\"><span class=\"gb-shape\"><svg height=\"30\" width=\"30\" xmlns=\"http:\/\/www.w3.org\/2000\/svg\" viewBox=\"0 0 15 15\"><path fill=\"currentColor\" d=\"M5.315 1.837c-.4-.116-.695-.085-.91.032-.216.116-.404.347-.526.745-.122.401-.163.936-.104 1.582.01.105.022.212.037.321a13.654 13.654 0 011.676-.311 13.28 13.28 0 011.275-1.54 7.111 7.111 0 00-.066-.053c-.508-.402-.98-.66-1.382-.776zm2.185.14c-.06-.05-.121-.1-.182-.148-.572-.452-1.158-.789-1.724-.953C5.024.711 4.441.711 3.928.99c-.513.278-.833.767-1.005 1.334-.172.564-.21 1.238-.144 1.965.016.17.037.344.065.523-.17.06-.334.125-.49.192-.671.287-1.246.642-1.66 1.062C.278 6.487 0 7 0 7.584c0 .583.278 1.097.694 1.519.414.42.989.774 1.66 1.062.156.067.32.131.49.192a8.672 8.672 0 00-.065.523c-.066.726-.028 1.4.144 1.965.172.567.492 1.056 1.005 1.333.513.278 1.097.279 1.666.114.566-.165 1.152-.5 1.724-.953l.182-.149c.06.051.121.1.182.149.572.452 1.158.788 1.724.953.569.165 1.153.164 1.666-.114.513-.277.833-.766 1.005-1.333.172-.564.21-1.239.144-1.965a8.616 8.616 0 00-.065-.523 8.2 8.2 0 00.49-.192c.671-.288 1.246-.643 1.66-1.062.416-.422.694-.936.694-1.52 0-.582-.278-1.096-.694-1.518-.414-.42-.989-.775-1.66-1.062a8.706 8.706 0 00-.49-.192c.027-.179.049-.353.065-.523.066-.727.028-1.4-.144-1.965-.172-.567-.492-1.056-1.005-1.334C10.56.711 9.975.711 9.406.876c-.566.164-1.152.5-1.724.953l-.182.149zm0 1.365c-.225.23-.45.483-.672.755a16.99 16.99 0 011.344 0 11.385 11.385 0 00-.672-.755zm2.012.864c-.41-.574-.84-1.092-1.275-1.54l.065-.053c.51-.402.98-.66 1.383-.776.399-.116.695-.085.91.032.216.116.404.347.525.745.122.401.164.936.105 1.582-.01.105-.022.212-.037.32a13.655 13.655 0 00-1.676-.31zm-.563.944a15.628 15.628 0 00-2.898 0A15.627 15.627 0 004.72 7.584a15.693 15.693 0 001.33 2.433 15.634 15.634 0 002.9 0 15.63 15.63 0 001.33-2.433A15.691 15.691 0 008.95 5.15zm1.824 1.138a17.244 17.244 0 00-.527-.956c.26.05.511.106.752.168-.063.256-.138.52-.225.788zm0 2.591a16.837 16.837 0 01-.527.957c.26-.05.511-.106.752-.169a11.69 11.69 0 00-.225-.788zm1.18.487a13.805 13.805 0 00-.588-1.782c.246-.61.443-1.209.588-1.782.103.038.203.079.3.12.596.256 1.047.547 1.341.845.292.296.406.572.406.817s-.114.52-.406.816c-.294.299-.745.59-1.341.846a7.467 7.467 0 01-.3.12zm-.765 1.285a13.57 13.57 0 01-1.676.311c-.41.574-.84 1.091-1.275 1.54l.066.052c.508.403.98.66 1.382.777.399.116.695.085.91-.032.216-.117.404-.348.525-.746.123-.4.164-.936.105-1.582a7.422 7.422 0 00-.037-.32zM7.5 11.826c.225-.23.45-.483.672-.755a16.945 16.945 0 01-1.344 0c.222.272.447.524.672.755zm-2.746-1.99a16.972 16.972 0 01-.527-.957c-.087.27-.162.532-.225.788.24.063.492.119.752.169zm-.942.815a13.57 13.57 0 001.676.311c.41.574.839 1.091 1.275 1.54a6.761 6.761 0 01-.066.052c-.508.403-.98.66-1.382.777-.4.116-.695.085-.911-.032-.216-.117-.403-.348-.525-.746-.122-.4-.163-.936-.104-1.582a7.47 7.47 0 01.037-.32zm-.765-1.285c.145-.574.341-1.172.588-1.782a13.806 13.806 0 01-.588-1.782 8.518 8.518 0 00-.3.12c-.596.256-1.047.547-1.341.845-.292.296-.406.572-.406.817s.114.52.406.816c.294.299.745.59 1.341.846.097.041.197.081.3.12zm.955-3.865c.063.255.138.519.225.787a17.116 17.116 0 01.527-.956c-.26.05-.511.106-.752.169zM6 7.584a1.5 1.5 0 113 0 1.5 1.5 0 01-3 0zm1.5-.5a.5.5 0 100 1 .5.5 0 000-1z\"><\/path><\/svg><\/span><\/span>\n\n\n\n<span class=\"gb-text-e79d90ab\"><span class=\"gb-shape\"><svg height=\"15\" width=\"15\" xmlns=\"http:\/\/www.w3.org\/2000\/svg\" viewBox=\"0 0 15 15\"><path fill=\"currentColor\" d=\"M0 0h15l-1.066 12.847L7.5 15l-6.434-2.153L0 0zm10.98 2.995H4.02v.998h5.966v1.996H6.009v.998h3.977v2.136L7.5 9.955l-2.486-.832V7.986H4.02v1.857l3.48 1.164 3.48-1.164V2.995z\"><\/path><\/svg><\/span><\/span>\n\n\n\n<span class=\"gb-text-41bf4c9f\"><span class=\"gb-shape\"><svg height=\"15\" width=\"15\" xmlns=\"http:\/\/www.w3.org\/2000\/svg\" viewBox=\"0 0 15 15\"><path fill=\"currentColor\" d=\"M1.5 3a7.5 7.5 0 11-.634 1h1.262l2.893 9.644a.5.5 0 00.957.003l1.541-5.01 1.502 5.007a.5.5 0 00.943.042l3.53-8.827a2.149 2.149 0 00-.705-2.517l-.132-.1a1.929 1.929 0 00-2.7 2.7l.643.858.8-.6-.643-.857a.929.929 0 011.3-1.3l.132.099c.416.312.57.863.377 1.345l-2.999 7.498L7.172 4H8V3H5v1h1.128l.875 2.916-1.497 4.864L3.172 4H4V3H1.5z\"><\/path><\/svg><\/span><\/span>\n\n\n\n<span class=\"gb-text-a3799203\"><span class=\"gb-shape\"><svg height=\"30\" width=\"30\" xmlns=\"http:\/\/www.w3.org\/2000\/svg\" viewBox=\"0 0 15 15\"><path fill=\"currentColor\" d=\"M7.5 2.5c-1.026 0-1.908.277-2.6.87-.688.59-1.137 1.447-1.387 2.516a.5.5 0 00.897.4c.316-.452.632-.723.936-.863.294-.135.611-.162.975-.065.366.098.65.386 1.095.87l.015.016c.336.365.745.81 1.305 1.156.582.359 1.305.6 2.264.6 1.026 0 1.908-.277 2.6-.87.688-.59 1.138-1.447 1.387-2.516a.5.5 0 00-.897-.4c-.316.452-.632.723-.936.863-.294.135-.611.162-.975.065-.366-.098-.65-.386-1.095-.87l-.015-.016c-.336-.365-.745-.81-1.305-1.156-.582-.359-1.305-.6-2.264-.6zM4 7c-1.026 0-1.908.277-2.6.87C.712 8.46.263 9.317.013 10.386a.5.5 0 00.897.4c.316-.452.632-.723.936-.863.294-.135.611-.162.975-.065.366.098.65.386 1.095.87l.015.016c.336.365.745.81 1.305 1.156.582.359 1.305.6 2.264.6 1.026 0 1.908-.277 2.6-.87.688-.59 1.138-1.447 1.387-2.516a.5.5 0 00-.897-.4c-.316.452-.632.723-.936.863-.294.135-.611.162-.975.065-.366-.098-.65-.386-1.095-.87l-.015-.016c-.335-.365-.745-.81-1.305-1.156C5.682 7.24 4.959 7 4 7z\"><\/path><\/svg><\/span><\/span>\n<\/div>\n<\/div>\n<\/section>\n\n\n\n<section class=\"gb-element-0155f70f\">\n<span class=\"gb-shape gb-shape-105decfe gb-shape--divider\"><svg xmlns=\"http:\/\/www.w3.org\/2000\/svg\" viewBox=\"0 0 1200 100\" preserveAspectRatio=\"none\"><path d=\"M1200 100H0V0l400 77.2L1200 0z\"><\/path><\/svg><\/span>\n\n\n\n<span class=\"gb-shape gb-shape-f7ab655a gb-shape--divider\"><svg xmlns=\"http:\/\/www.w3.org\/2000\/svg\" viewBox=\"0 0 1200 100\" preserveAspectRatio=\"none\"><path d=\"M1200 100H0V0l400 77.2L1200 0z\"><\/path><\/svg><\/span>\n\n\n\n<div class=\"gb-element-76ed0a0a\">\n<p class=\"gb-text-7ae1adff\"><span class=\"gb-shape\"><svg xmlns=\"http:\/\/www.w3.org\/2000\/svg\" viewBox=\"0 0 36.7 3\"><path d=\"M0 0h36.7v3H0z\"><\/path><\/svg><\/span><span class=\"gb-text\">LA salud tambi\u00e9n se ense\u00f1a\/aprende Y t\u00fa la transformas<\/span><\/p>\n\n\n\n<p class=\"has-text-align-center has-contrast-color has-text-color has-link-color wp-elements-baf9f238b16543ff65eec318c6d87638\">Del aula al cuerpo: una historia de reinvenci\u00f3n, ciencia y amor propio que puede ser tambi\u00e9n la tuya<\/p>\n\n\n\n<div class=\"gb-element-1f4c0628\">\n<div class=\"gb-element-c33fc9af\">\n<h2 class=\"gb-text gb-text-37238fa7\">Encuentra tu misi\u00f3n y tu para qu\u00e9<\/h2>\n\n\n\n<a class=\"gb-text gb-text-19b31091\" href=\"https:\/\/sites.generatepress.com\/portfolio\/portfolio-single-template\/\">Empieza tu transformaci\u00f3n<\/a>\n<\/div>\n\n\n\n<div class=\"gb-element-7b20a1e6\">\n<h2 class=\"gb-text gb-text-7f7f0c19\">Qu\u00e9 nos enferma<\/h2>\n\n\n\n<a class=\"gb-text gb-text-448f11d0\" href=\"https:\/\/sites.generatepress.com\/portfolio\/portfolio-single-template\/\">Conoce mi historia<\/a>\n<\/div>\n\n\n\n<div class=\"gb-element-a9b8b7dc\">\n<h2 class=\"gb-text gb-text-9aa4c8b9\">Consulta online y presencial<\/h2>\n\n\n\n<a class=\"gb-text gb-text-4187e0a7\" href=\"https:\/\/sites.generatepress.com\/portfolio\/portfolio-single-template\/\">Reserva una sesi\u00f3n<\/a>\n<\/div>\n\n\n\n<div class=\"gb-element-de7182c7\">\n<h2 class=\"gb-text gb-text-dcb0e90e\">Cronobiolog\u00eda y Nutrici\u00f3n Ortomolecular<\/h2>\n\n\n\n<a class=\"gb-text gb-text-88746b81\" href=\"https:\/\/sites.generatepress.com\/portfolio\/portfolio-single-template\/\">h\u00e1bitos que sanan<\/a>\n<\/div>\n<\/div>\n<\/div>\n<\/section>\n\n\n\n<section class=\"gb-element-605a4161\">\n<div class=\"gb-element-8209789e\">\n<h2 class=\"wp-block-heading has-text-align-center\"><strong>Esto es lo que hago diferente<\/strong><\/h2>\n\n\n\n<p class=\"has-text-align-center\">Ventajas del acudir al dietista nutricionista<\/p>\n\n\n\n<div class=\"gb-element-3b87014f\">\n<div class=\"gb-element-8571de0d column-shadow\">\n<h4 class=\"gb-text-6d93127f\"><span class=\"gb-shape\"><svg aria-hidden=\"true\" role=\"img\" height=\"1em\" width=\"1em\" viewBox=\"0 0 448 512\" xmlns=\"http:\/\/www.w3.org\/2000\/svg\"><path fill=\"currentColor\" d=\"M448 360V24c0-13.3-10.7-24-24-24H96C43 0 0 43 0 96v320c0 53 43 96 96 96h328c13.3 0 24-10.7 24-24v-16c0-7.5-3.5-14.3-8.9-18.7-4.2-15.4-4.2-59.3 0-74.7 5.4-4.3 8.9-11.1 8.9-18.6zM128 134c0-3.3 2.7-6 6-6h212c3.3 0 6 2.7 6 6v20c0 3.3-2.7 6-6 6H134c-3.3 0-6-2.7-6-6v-20zm0 64c0-3.3 2.7-6 6-6h212c3.3 0 6 2.7 6 6v20c0 3.3-2.7 6-6 6H134c-3.3 0-6-2.7-6-6v-20zm253.4 250H96c-17.7 0-32-14.3-32-32 0-17.6 14.4-32 32-32h285.4c-1.9 17.1-1.9 46.9 0 64z\"><\/path><\/svg><\/span><span class=\"gb-text\"><strong>Educaci\u00f3n que sana<\/strong><\/span><\/h4>\n\n\n\n<p class=\"gb-text gb-text-ece5a15f\">Integro mi experiencia como formador de docentes y familias con herramientas de salud y psiconutrici\u00f3n. Porque ense\u00f1ar y sanar no son procesos tan distintos.<\/p>\n<\/div>\n\n\n\n<div class=\"gb-element-7adc30dc column-shadow\">\n<h4 class=\"gb-text-11a30735\"><span class=\"gb-shape\"><svg aria-hidden=\"true\" role=\"img\" height=\"1em\" width=\"1em\" viewBox=\"0 0 512 512\" xmlns=\"http:\/\/www.w3.org\/2000\/svg\"><path fill=\"currentColor\" d=\"M462.3 62.6C407.5 15.9 326 24.3 275.7 76.2L256 96.5l-19.7-20.3C186.1 24.3 104.5 15.9 49.7 62.6c-62.8 53.6-66.1 149.8-9.9 207.9l193.5 199.8c12.5 12.9 32.8 12.9 45.3 0l193.5-199.8c56.3-58.1 53-154.3-9.8-207.9z\"><\/path><\/svg><\/span><span class=\"gb-text\"><strong>Ciencia con alma<\/strong><\/span><\/h4>\n\n\n\n<p class=\"gb-headline gb-headline-cda84e3e gb-headline-text\">No sigo modas. Trabajo con evidencia, aplicando los principios de la PNI, nutrici\u00f3n ortomolecular y una mirada integradora del cuerpo, la mente y el entorno.<\/p>\n<\/div>\n\n\n\n<div class=\"gb-element-66497656 column-shadow\">\n<h4 class=\"gb-text-cb1f8d16\"><span class=\"gb-shape\"><svg aria-hidden=\"true\" role=\"img\" height=\"1em\" width=\"1em\" viewBox=\"0 0 496 512\" xmlns=\"http:\/\/www.w3.org\/2000\/svg\"><path fill=\"currentColor\" d=\"M248 8C111 8 0 119 0 256s111 248 248 248 248-111 248-248S385 8 248 8zm0 96c48.6 0 88 39.4 88 88s-39.4 88-88 88-88-39.4-88-88 39.4-88 88-88zm0 344c-58.7 0-111.3-26.6-146.5-68.2 18.8-35.4 55.6-59.8 98.5-59.8 2.4 0 4.8.4 7.1 1.1 13 4.2 26.6 6.9 40.9 6.9 14.3 0 28-2.7 40.9-6.9 2.3-.7 4.7-1.1 7.1-1.1 42.9 0 79.7 24.4 98.5 59.8C359.3 421.4 306.7 448 248 448z\"><\/path><\/svg><\/span><span class=\"gb-text\"><strong>Acompa\u00f1amiento real<\/strong><\/span><\/h4>\n\n\n\n<p class=\"gb-headline gb-headline-81923fd4 gb-headline-text\">Aqu\u00ed no hay protocolos vac\u00edos ni dietas copiadas. Escucho tu historia, la leo con mirada cl\u00ednica y humana, y te acompa\u00f1o a escribir un nuevo cap\u00edtulo lleno de energ\u00eda y vitalidad.<\/p>\n<\/div>\n<\/div>\n\n\n\n<hr class=\"wp-block-separator has-text-color has-accent-3-color has-alpha-channel-opacity has-accent-3-background-color has-background is-style-dots\"\/>\n\n\n\n<p class=\"gb-text-8efa5dfa\"><span class=\"gb-shape\"><svg viewBox=\"0 0 36.7 3\" xmlns=\"http:\/\/www.w3.org\/2000\/svg\"><path d=\"M0 0h36.7v3H0z\"><\/path><\/svg><\/span><span class=\"gb-text\">TestimonIOs<\/span><\/p>\n\n\n\n<div class=\"gb-element-4983e78b\">\n<div class=\"gb-element-df3a0ae6\">\n<figure class=\"wp-block-image size-full is-resized is-style-rounded\"><img loading=\"lazy\" decoding=\"async\" width=\"200\" height=\"152\" src=\"https:\/\/mariopinel2025.mariopinel.es\/wp-content\/uploads\/2025\/05\/Isabel-M.webp\" alt=\"\" class=\"wp-image-4430\" style=\"aspect-ratio:1;object-fit:cover;width:100px\"\/><\/figure>\n\n\n\n<div class=\"gb-element-38b83a88\">\n<p class=\"gb-headline gb-headline-9901c697 gb-headline-text\">\u00abMi madre est\u00e1 m\u00e1s feliz, sonr\u00ede m\u00e1s y es m\u00e1s alegre. Esta madre es mucho mejor. A mi hermano le noto mucho m\u00e1s feliz y m\u00e1s contento. Te da herramientas para que puedas gestionar situaciones.\u00bb<\/p>\n\n\n\n<p class=\"gb-headline gb-headline-b3362c58 gb-headline-text\"><em><em><em><em>\u2013 Isabel<\/em><\/em> M<\/em><\/em><\/p>\n<\/div>\n<\/div>\n\n\n\n<div class=\"gb-element-0eaf46bb\">\n<figure class=\"wp-block-image size-full is-resized is-style-rounded\"><img loading=\"lazy\" decoding=\"async\" width=\"200\" height=\"152\" src=\"https:\/\/mariopinel2025.mariopinel.es\/wp-content\/uploads\/2025\/05\/Meredes_S-1.webp\" alt=\"\" class=\"wp-image-4432\" style=\"aspect-ratio:1;object-fit:cover;width:100px\"\/><\/figure>\n\n\n\n<div class=\"gb-element-6d838a74\">\n<p class=\"gb-text gb-text-7fd5ebc0\">\u00abSolo tengo palabras de agradecimiento ha sido el colof\u00f3n a una trayectoria profesional. He crecido como persona en todos los sentidos y ha posibilitado crear un clima de confianza y relaciones que no ten\u00edamos.\u00bb<\/p>\n\n\n\n<p class=\"gb-text gb-text-aa8392ad\"><em><em><em><em>\u2013 Mercedes S<\/em><\/em><\/em><\/em><\/p>\n<\/div>\n<\/div>\n<\/div>\n\n\n\n<div class=\"gb-element-8aa87598\">\n<div class=\"gb-element-1398a666\">\n<figure class=\"wp-block-image size-full is-resized is-style-rounded\"><img loading=\"lazy\" decoding=\"async\" width=\"200\" height=\"152\" src=\"https:\/\/mariopinel2025.mariopinel.es\/wp-content\/uploads\/2025\/05\/CONCHI-LL.webp\" alt=\"\" class=\"wp-image-4433\" style=\"aspect-ratio:1;object-fit:cover;width:100px\"\/><\/figure>\n\n\n\n<div class=\"gb-element-7d8c560d\">\n<p class=\"gb-headline gb-headline-4b2e800f gb-headline-text\">Acudir con mi hija me ha gustado y poder hacer algo junto a ella diferente. Nos ha ayudado a ver las cosas. Mi hija se ha sentido a gusto y le ha venido muy bien. Los talleres son energ\u00eda, ilusi\u00f3n, esperanza, empat\u00eda, ha reforzado lo que sent\u00eda y mis valores.<\/p>\n\n\n\n<p class=\"gb-headline gb-headline-e04904f4 gb-headline-text\"><em><em><em><em>\u2013 Conchi<\/em><\/em> <\/em>LL<\/em><\/p>\n<\/div>\n<\/div>\n\n\n\n<div class=\"gb-element-1bddbc5b\">\n<figure class=\"wp-block-image size-full is-resized is-style-rounded\"><img loading=\"lazy\" decoding=\"async\" width=\"200\" height=\"152\" src=\"https:\/\/mariopinel2025.mariopinel.es\/wp-content\/uploads\/2025\/05\/Rosario-G.webp\" alt=\"\" class=\"wp-image-4434\" style=\"aspect-ratio:1;object-fit:cover;width:100px\"\/><\/figure>\n\n\n\n<div class=\"gb-element-39bb7b03\">\n<p class=\"gb-text gb-text-2b492338\">Hemos aprendido a escuchar,  a negociar y a pedir las cosas de otra forma, te conoces poder relacionarte de una forma diferente, en el que el juego la emoci\u00f3n y el cuerpo son muy importantes.<\/p>\n\n\n\n<p class=\"gb-text gb-text-27446e65\"><em><em><em><em>\u2013 Rosario C<\/em><\/em><\/em><\/em><\/p>\n<\/div>\n<\/div>\n<\/div>\n<\/div>\n<\/section>\n\n\n\n<section class=\"gb-element-07e77504\">\n<h2 class=\"gb-text-cc23d99c\"><span class=\"gb-shape\"><svg xmlns=\"http:\/\/www.w3.org\/2000\/svg\" viewBox=\"0 0 124 124\"><path fill=\"CurrentColor\" d=\"M112 50H12C5.4 50 0 55.4 0 62s5.4 12 12 12h100c6.6 0 12-5.4 12-12s-5.4-12-12-12z\"><\/path><\/svg><\/span><span class=\"gb-text\">\u00bfC\u00f3mo te acompa\u00f1o?<\/span><\/h2>\n\n\n\n<p class=\"has-text-align-center has-medium-font-size\"><strong>Te ayudo a extraer tu m\u00e1ximo potencial<\/strong><\/p>\n\n\n\n<p>Vas a mejorar tu <strong>salud<\/strong>, la <strong>motivaci\u00f3n<\/strong>, el <strong>compromiso<\/strong> y las <strong>acciones<\/strong> que <strong>elevan tu energ\u00eda y tu vitalidad<\/strong>. Todo esto no lo har\u00e1s solo: lo hacemos juntos, paso a paso, a trav\u00e9s del <strong>m\u00e9todo de trabajo integrativo<\/strong> que combina ciencia, educaci\u00f3n emocional, nutrici\u00f3n antiinflamatoria y ortomolecular, psiconutrici\u00f3n y los principios de la PNIE.<\/p>\n\n\n\n<blockquote class=\"wp-block-quote has-text-align-left is-layout-flow wp-block-quote-is-layout-flow\">\n<p>Porque no se trata solo de comer bien, sino de <strong>vivirte mejor<\/strong>.<\/p>\n<\/blockquote>\n\n\n\n<p class=\"has-text-align-center has-medium-font-size\">Puedes empezar con una primera sesi\u00f3n informativa o seguir leyendo sobre mi historia.<\/p>\n\n\n\n<h2 class=\"gb-text-3605029a\"><span class=\"gb-shape\"><svg viewBox=\"0 0 15 15\" xmlns=\"http:\/\/www.w3.org\/2000\/svg\" width=\"30\" height=\"30\"><path d=\"M10.18 1.735a5.414 5.414 0 00-5.452.004 5.471 5.471 0 00-1.994 2.016 5.528 5.528 0 00-.725 2.753v.767a16.07 16.07 0 00.649 5.085l.141.48-.959.283-.141-.48a17.096 17.096 0 01-.69-5.393v-.74a6.528 6.528 0 01.857-3.25A6.47 6.47 0 014.224.874 6.414 6.414 0 0110.683.87l.432.251-.503.864-.432-.25zm2.58 1.092l.257.43a6.53 6.53 0 01.888 4.028v.723c0 .701.182 1.39.53 1.999l.247.434-.868.496-.248-.434a5.02 5.02 0 01-.66-2.496v-.749c0-.018 0-.036.002-.054a5.53 5.53 0 00-.75-3.435l-.256-.429.858-.513zM7.457 4.013c-.655 0-1.284.262-1.748.73a2.508 2.508 0 00-.726 1.766v.5h-1v-.5c0-.926.365-1.815 1.016-2.47a3.463 3.463 0 012.458-1.026c.923 0 1.807.369 2.458 1.025A3.508 3.508 0 0110.93 6.51v.75c0 1.513.487 2.985 1.388 4.195l.299.401-.802.597-.299-.4A8.028 8.028 0 019.93 7.259V6.51c0-.663-.261-1.299-.726-1.766a2.463 2.463 0 00-1.748-.73zm.5 3.995a10.042 10.042 0 001.77 5.708l.284.412-.823.567-.284-.411a11.042 11.042 0 01-1.947-6.277m-2.035.944l.058.497a13.058 13.058 0 001.289 4.329l.223.447-.894.447-.224-.447a14.06 14.06 0 01-1.388-4.66l-.057-.497.993-.116z\" fill=\"currentColor\"><\/path><\/svg><\/span><span class=\"gb-text\">Quiero reservar una sesi\u00f3n <a href=\"https:\/\/mariopinel2025.mariopinel.es\/#contact\" data-type=\"page\" data-id=\"3840\">contigo<\/a><\/span><\/h2>\n<\/section>\n","protected":false},"excerpt":{"rendered":"<p>Mario Pinel Health Coach Nutricional &#8211; Dietista Integrativo &#8211; Formaci\u00f3n y Consultor\u00eda \u00bfHablamos? Soy Mario, Health Coach y Pedagogo experto en reversi\u00f3n de S\u00edndrome Metab\u00f3lico. Me especialic\u00e9 en alimentaci\u00f3n integrativa en donde aplico los principios de la\u00a0Psiconeuroinmunoendocrinolog\u00eda (PNIE)\u00a0en el marco educativo y de h\u00e1bitos de vida para que vivas con salud integral. Te ayudo a &#8230; <a title=\"Mario Pinel Coach Nutricional\" class=\"read-more\" href=\"https:\/\/mariopinel2025.mariopinel.es\/\" aria-label=\"Leer m\u00e1s sobre Mario Pinel Coach Nutricional\">Leer m\u00e1s<\/a><\/p>\n","protected":false},"author":1,"featured_media":0,"parent":0,"menu_order":0,"comment_status":"closed","ping_status":"closed","template":"","meta":{"advgb_blocks_editor_width":"","advgb_blocks_columns_visual_guide":"","footnotes":""},"class_list":["post-3576","page","type-page","status-publish"],"coauthors":[],"author_meta":{"author_link":"https:\/\/mariopinel2025.mariopinel.es\/index.php\/author\/admin\/","display_name":"admin"},"relative_dates":{"created":"Publicado 6 a\u00f1os hace","modified":"Actualizado 5 meses hace"},"absolute_dates":{"created":"Publicado el octubre 13, 2020","modified":"Actualizado el diciembre 3, 2025"},"absolute_dates_time":{"created":"Publicado el octubre 13, 2020 4:22 pm","modified":"Actualizado el diciembre 3, 2025 10:26 am"},"featured_img_caption":"","featured_img":false,"series_order":"","_links":{"self":[{"href":"https:\/\/mariopinel2025.mariopinel.es\/index.php\/wp-json\/wp\/v2\/pages\/3576","targetHints":{"allow":["GET"]}}],"collection":[{"href":"https:\/\/mariopinel2025.mariopinel.es\/index.php\/wp-json\/wp\/v2\/pages"}],"about":[{"href":"https:\/\/mariopinel2025.mariopinel.es\/index.php\/wp-json\/wp\/v2\/types\/page"}],"author":[{"embeddable":true,"href":"https:\/\/mariopinel2025.mariopinel.es\/index.php\/wp-json\/wp\/v2\/users\/1"}],"replies":[{"embeddable":true,"href":"https:\/\/mariopinel2025.mariopinel.es\/index.php\/wp-json\/wp\/v2\/comments?post=3576"}],"version-history":[{"count":32,"href":"https:\/\/mariopinel2025.mariopinel.es\/index.php\/wp-json\/wp\/v2\/pages\/3576\/revisions"}],"predecessor-version":[{"id":4475,"href":"https:\/\/mariopinel2025.mariopinel.es\/index.php\/wp-json\/wp\/v2\/pages\/3576\/revisions\/4475"}],"wp:attachment":[{"href":"https:\/\/mariopinel2025.mariopinel.es\/index.php\/wp-json\/wp\/v2\/media?parent=3576"}],"curies":[{"name":"wp","href":"https:\/\/api.w.org\/{rel}","templated":true}]}}